{"id":21003,"date":"2026-03-15T15:29:35","date_gmt":"2026-03-15T15:29:35","guid":{"rendered":"https:\/\/escal.com.tr\/aluminyum-profil\/?page_id=21003"},"modified":"2026-03-15T15:29:36","modified_gmt":"2026-03-15T15:29:36","slug":"aluminyum-npu-oluklu-omega-panjur-pano-profili","status":"publish","type":"page","link":"https:\/\/escal.com.tr\/aluminyum-profil\/aluminyum-npu-oluklu-omega-panjur-pano-profili\/","title":{"rendered":"Al\u00fcminyum npu oluklu omega panjur pano profili"},"content":{"rendered":"\n<h2 class=\"wp-block-wd-title title wd-4c0f4656\">Al\u00fcminyum NPU Profil<\/h2>\n\n\n\n<p class=\"wp-block-wd-paragraph wd-7606d4b4\"><strong>Al\u00fcminyum npu profil<\/strong>, kesit olarak U veya C harfini and\u0131ran, genellikle yap\u0131sal uygulamalarda, end\u00fcstriyel alanlarda ve makine imalat\u0131nda kullan\u0131lan \u00f6zel al\u00fcminyum profillerdir. NPU profiller, y\u00fck ta\u015f\u0131ma kapasiteleri ve dayan\u0131kl\u0131l\u0131klar\u0131 ile \u00f6ne \u00e7\u0131kar. S\u0131cak haddelenmi\u015f yap\u0131sal bir \u00fcr\u00fcn olan NPU profiller, end\u00fcstriyel alanda, tar\u0131m aletlerinde, nakliye ekipmanlar\u0131nda, kamyon yataklar\u0131nda ve r\u00f6morklarda yayg\u0131n olarak kullan\u0131l\u0131r. Al\u00fcminyum versiyonlar\u0131 ise pencere veya cam \u00e7er\u00e7eveler gibi mimari uygulamalarda tercih edilmektedir.<\/p>\n\n\n\n<div class=\"wp-block-wd-divider wd-style-line wd-cdb3c5c7\"><\/div>\n\n\n\n<h2 class=\"wp-block-wd-title title wd-559fc196\">Al\u00fcminyum Oluklu Profil<\/h2>\n\n\n\n<p class=\"wp-block-wd-paragraph wd-9ae387f0\"><strong>Al\u00fcminyum oluklu profil<\/strong>, y\u00fczeyinde oluklar veya kanallar bulunan, \u00e7e\u015fitli end\u00fcstriyel ve mimari uygulamalarda kullan\u0131lan \u00f6zel al\u00fcminyum profillerdir. Bu oluklar, profilin mukavemetini art\u0131rabilir, kayd\u0131rmazl\u0131k \u00f6zelli\u011fi kazand\u0131rabilir veya ba\u011flant\u0131 elemanlar\u0131 i\u00e7in kanal g\u00f6revi g\u00f6rebilir. Al\u00fcminyum oluklu profiller, in\u015faat ve imalat sekt\u00f6rlerinde \u00e7e\u015fitli kullan\u0131mlara uygun olarak hassasiyetle \u00fcretilir. Montaj kolayl\u0131\u011f\u0131 ve dayan\u0131kl\u0131l\u0131k gibi al\u00fcminyumun t\u00fcm avantajlar\u0131n\u0131 b\u00fcnyesinde bar\u0131nd\u0131r\u0131r.<\/p>\n\n\n\n<div class=\"wp-block-wd-divider wd-style-line wd-af777bab\"><\/div>\n\n\n\n<h2 class=\"wp-block-wd-title title wd-d021d0fe\">Al\u00fcminyum Omega Profil<\/h2>\n\n\n\n<p class=\"wp-block-wd-paragraph wd-88d0e255\"><strong>Al\u00fcminyum omega profil<\/strong>, ekstr\u00fcze edilmi\u015f al\u00fcminyum malzemeden imal edilen, omega ve kapak profillerinin birbirine kilitlenmesi ile yekpare g\u00f6r\u00fcnt\u00fc \u00f6zelli\u011fi sunan, gizli vidal\u0131 yatay ek yeri derz profilidir. Her t\u00fcrl\u00fc yatay kaplama cephe uygulamalar\u0131nda derz bo\u015fluklar\u0131na uygulanabilmektedir. Elektrostatik boya y\u00f6ntemi ile talep edilen RAL kodunda boyanabilmekte ve 7000 mm&#8217;ye kadar istenilen boyda tedarik edilebilmektedir.<\/p>\n\n\n\n<p class=\"wp-block-wd-paragraph wd-5a36f9a1\">Omega profiller, end\u00fcstriyel yap\u0131larda \u00e7at\u0131 a\u015f\u0131\u011f\u0131, cephe ku\u015fa\u011f\u0131 ve b\u00f6lme duvar elemanlar\u0131 olarak; konutlarda d\u00f6\u015feme kiri\u015fi ve duvar eleman\u0131 olarak; asma katlarda d\u00f6\u015feme tali kiri\u015fi olarak; g\u00fcne\u015f enerji sistemlerinde \u00e7er\u00e7eve eleman\u0131 olarak kullan\u0131lmaktad\u0131r. Tavan omega profili ise al\u00e7\u0131 levha asma tavan yap\u0131m\u0131nda kurulan metal konstr\u00fcksiyon sistemlerinde kullan\u0131l\u0131r.<\/p>\n\n\n\n<div class=\"wp-block-wd-divider wd-style-line wd-be5780cb\"><\/div>\n\n\n\n<h2 class=\"wp-block-wd-title title wd-0ef6fac5\">Al\u00fcminyum Panjur Profili<\/h2>\n\n\n\n<p class=\"wp-block-wd-paragraph wd-bc71e142\"><strong>Al\u00fcminyum panjur profili<\/strong>, g\u00fcvenlik ve estetik ama\u00e7l\u0131 kullan\u0131lan panjur sistemlerinin ana yap\u0131s\u0131n\u0131 olu\u015fturan \u00f6zel al\u00fcminyum profillerdir. G\u00fcn\u00fcm\u00fczde hem konut hem de ticari binalarda g\u00fcvenlik ve estetik i\u00e7in \u00e7e\u015fitli \u00e7\u00f6z\u00fcmler tercih edilmektedir. Bu \u00e7\u00f6z\u00fcmlerden biri de al\u00fcminyum panjur profili sistemleridir. Hem dayan\u0131kl\u0131l\u0131\u011f\u0131 hem de modern g\u00f6r\u00fcn\u00fcm\u00fc sayesinde, al\u00fcminyum profiller panjur sistemlerinde s\u0131kl\u0131kla kullan\u0131lmaktad\u0131r.<\/p>\n\n\n\n<p class=\"wp-block-wd-paragraph wd-82eb59d0\">Al\u00fcminyum panjur profili, al\u00fcminyumun hafifli\u011fi ve korozyona kar\u015f\u0131 direnci sayesinde uzun \u00f6m\u00fcrl\u00fc bir kullan\u0131m sunar. Ayr\u0131ca, bu profiller estetik a\u00e7\u0131dan da olduk\u00e7a \u015f\u0131k bir g\u00f6r\u00fcn\u00fcm sa\u011flar. Renk se\u00e7enekleri ve y\u00fczey kaplamalar\u0131 ile her yap\u0131ya uygun \u00e7\u00f6z\u00fcmler \u00fcretilebilmektedir. Enerji verimlili\u011fi a\u00e7\u0131s\u0131ndan da al\u00fcminyum panjur profili \u00f6nemli bir rol oynar; \u0131s\u0131 yal\u0131t\u0131m\u0131 sa\u011flayarak yaz\u0131n serin, k\u0131\u015f\u0131n s\u0131cak bir i\u00e7 ortam olu\u015fturur ve d\u0131\u015f g\u00fcr\u00fclt\u00fcy\u00fc azalt\u0131r.<\/p>\n\n\n\n<div class=\"wp-block-wd-divider wd-style-line wd-96caf787\"><\/div>\n\n\n\n<h2 class=\"wp-block-wd-title title wd-d0dbe3bd\">Al\u00fcminyum Pano Profilleri<\/h2>\n\n\n\n<p class=\"wp-block-wd-paragraph wd-0d52dea4\"><strong>Al\u00fcminyum pano profilleri<\/strong>, elektrik panolar\u0131, kontrol panelleri, da\u011f\u0131t\u0131m kutular\u0131 ve benzeri uygulamalarda kullan\u0131lan \u00f6zel al\u00fcminyum profillerdir. Bu profiller, panolar\u0131n \u00e7er\u00e7eve yap\u0131s\u0131n\u0131 olu\u015fturur, kapaklar\u0131n montaj\u0131n\u0131 sa\u011flar ve i\u00e7 bile\u015fenlerin d\u00fczenli bir \u015fekilde yerle\u015ftirilmesine olanak tan\u0131r. Al\u00fcminyum pano profilleri, hafiflik, dayan\u0131kl\u0131l\u0131k ve korozyon direnci gibi avantajlar\u0131n\u0131n yan\u0131 s\u0131ra, kolay i\u015flenebilir olmalar\u0131 sayesinde farkl\u0131 pano tasar\u0131mlar\u0131na uyum sa\u011flar. Ayr\u0131ca, eloksal veya toz boya ile farkl\u0131 renk se\u00e7eneklerinde \u00fcretilebilirler.<\/p>\n\n\n\n<div class=\"wp-block-wd-divider wd-style-line wd-f467e7df\"><\/div>\n\n\n\n<h2 class=\"wp-block-wd-title title wd-485ae3c7\">\u0130leti\u015fim<\/h2>\n\n\n\n<p class=\"wp-block-wd-paragraph wd-6d16c01c\"><strong>Al\u00fcminyum npu profil<\/strong>,\u00a0<strong>al\u00fcminyum oluklu profil<\/strong>,\u00a0<strong>al\u00fcminyum omega profil<\/strong>,\u00a0<strong>al\u00fcminyum panjur profili<\/strong>\u00a0ve\u00a0<strong>al\u00fcminyum pano profilleri<\/strong>\u00a0hakk\u0131nda daha detayl\u0131 bilgi almak, projeniz i\u00e7in en uygun profili se\u00e7mek i\u00e7in bizimle ileti\u015fime ge\u00e7ebilirsiniz.<\/p>\n\n\n\n<p class=\"wp-block-wd-paragraph wd-b87d67ec\">Uzman ekibimiz, ihtiya\u00e7lar\u0131n\u0131za en uygun al\u00fcminyum profil \u00e7\u00f6z\u00fcmlerini belirlemenize yard\u0131mc\u0131 olacak, do\u011fru \u00fcr\u00fcn se\u00e7imi ve maliyet avantajlar\u0131 konusunda teknik destek sa\u011flayacakt\u0131r.<\/p>\n\n\n\n<p class=\"wp-block-wd-paragraph wd-036b21b0\"><strong>Bize ula\u015f\u0131n, projenizi birlikte de\u011ferlendirelim.<\/strong><\/p>\n\n\n\n<p><\/p>\n","protected":false},"excerpt":{"rendered":"","protected":false},"author":1,"featured_media":0,"parent":0,"menu_order":0,"comment_status":"closed","ping_status":"closed","template":"","meta":{"footnotes":""},"class_list":["post-21003","page","type-page","status-publish","hentry"],"yoast_head":"<!-- This site is optimized with the Yoast SEO plugin v27.3 - https:\/\/yoast.com\/product\/yoast-seo-wordpress\/ -->\n<title>Al\u00fcminyum Omega ve NPU Profil | Oluklu, Panjur ve Pano Profilleri<\/title>\n<meta name=\"description\" content=\"Al\u00fcminyum omega profil, al\u00fcminyum npu profil, al\u00fcminyum oluklu profil, al\u00fcminyum panjur profili ve al\u00fcminyum pano profilleri hakk\u0131nda bilgi bu rehberde.\" \/>\n<meta name=\"robots\" content=\"index, follow, max-snippet:-1, max-image-preview:large, max-video-preview:-1\" \/>\n<link rel=\"canonical\" href=\"https:\/\/escal.com.tr\/aluminyum-profil\/aluminyum-npu-oluklu-omega-panjur-pano-profili\/\" \/>\n<meta property=\"og:locale\" content=\"tr_TR\" \/>\n<meta property=\"og:type\" content=\"article\" \/>\n<meta property=\"og:title\" content=\"Al\u00fcminyum Omega ve NPU Profil | Oluklu, Panjur ve Pano Profilleri\" \/>\n<meta property=\"og:description\" content=\"Al\u00fcminyum omega profil, al\u00fcminyum npu profil, al\u00fcminyum oluklu profil, al\u00fcminyum panjur profili ve al\u00fcminyum pano profilleri hakk\u0131nda bilgi bu rehberde.\" \/>\n<meta property=\"og:url\" content=\"https:\/\/escal.com.tr\/aluminyum-profil\/aluminyum-npu-oluklu-omega-panjur-pano-profili\/\" \/>\n<meta property=\"og:site_name\" content=\"Escal | Al\u00fcminyum Profil, Boru, Do\u011frama Sistemleri ve End\u00fcstriyel \u00c7\u00f6z\u00fcmler\" \/>\n<meta property=\"article:modified_time\" content=\"2026-03-15T15:29:36+00:00\" \/>\n<meta name=\"twitter:card\" content=\"summary_large_image\" \/>\n<meta name=\"twitter:label1\" content=\"Tahmini okuma s\u00fcresi\" \/>\n\t<meta name=\"twitter:data1\" content=\"3 dakika\" \/>\n<script type=\"application\/ld+json\" class=\"yoast-schema-graph\">{\"@context\":\"https:\\\/\\\/schema.org\",\"@graph\":[{\"@type\":\"WebPage\",\"@id\":\"https:\\\/\\\/escal.com.tr\\\/aluminyum-profil\\\/aluminyum-npu-oluklu-omega-panjur-pano-profili\\\/\",\"url\":\"https:\\\/\\\/escal.com.tr\\\/aluminyum-profil\\\/aluminyum-npu-oluklu-omega-panjur-pano-profili\\\/\",\"name\":\"Al\u00fcminyum Omega ve NPU Profil | Oluklu, Panjur ve Pano Profilleri\",\"isPartOf\":{\"@id\":\"https:\\\/\\\/escal.com.tr\\\/aluminyum-profil\\\/#website\"},\"datePublished\":\"2026-03-15T15:29:35+00:00\",\"dateModified\":\"2026-03-15T15:29:36+00:00\",\"description\":\"Al\u00fcminyum omega profil, al\u00fcminyum npu profil, al\u00fcminyum oluklu profil, al\u00fcminyum panjur profili ve al\u00fcminyum pano profilleri hakk\u0131nda bilgi bu rehberde.\",\"breadcrumb\":{\"@id\":\"https:\\\/\\\/escal.com.tr\\\/aluminyum-profil\\\/aluminyum-npu-oluklu-omega-panjur-pano-profili\\\/#breadcrumb\"},\"inLanguage\":\"tr\",\"potentialAction\":[{\"@type\":\"ReadAction\",\"target\":[\"https:\\\/\\\/escal.com.tr\\\/aluminyum-profil\\\/aluminyum-npu-oluklu-omega-panjur-pano-profili\\\/\"]}]},{\"@type\":\"BreadcrumbList\",\"@id\":\"https:\\\/\\\/escal.com.tr\\\/aluminyum-profil\\\/aluminyum-npu-oluklu-omega-panjur-pano-profili\\\/#breadcrumb\",\"itemListElement\":[{\"@type\":\"ListItem\",\"position\":1,\"name\":\"Anasayfa\",\"item\":\"https:\\\/\\\/escal.com.tr\\\/aluminyum-profil\\\/\"},{\"@type\":\"ListItem\",\"position\":2,\"name\":\"Al\u00fcminyum npu oluklu omega panjur pano profili\"}]},{\"@type\":\"WebSite\",\"@id\":\"https:\\\/\\\/escal.com.tr\\\/aluminyum-profil\\\/#website\",\"url\":\"https:\\\/\\\/escal.com.tr\\\/aluminyum-profil\\\/\",\"name\":\"Escal Al\u00fcminyum Profil ve Mobilya Aksesuar\u0131\",\"description\":\"Escal - Al\u00fcminyum profil, al\u00fcminyum boru, al\u00fcminyum do\u011frama, k\u00f6\u015febent, menfez ve U profil sistemleri. 40x40 profil fiyatlar\u0131 ve teknik \u00e7\u00f6z\u00fcmler.\",\"publisher\":{\"@id\":\"https:\\\/\\\/escal.com.tr\\\/aluminyum-profil\\\/#organization\"},\"alternateName\":\"ESCAL MOB\u0130LYA AKSESUARLARI SAN. T\u0130C. LTD.\u015eT\u0130.\",\"potentialAction\":[{\"@type\":\"SearchAction\",\"target\":{\"@type\":\"EntryPoint\",\"urlTemplate\":\"https:\\\/\\\/escal.com.tr\\\/aluminyum-profil\\\/?s={search_term_string}\"},\"query-input\":{\"@type\":\"PropertyValueSpecification\",\"valueRequired\":true,\"valueName\":\"search_term_string\"}}],\"inLanguage\":\"tr\"},{\"@type\":\"Organization\",\"@id\":\"https:\\\/\\\/escal.com.tr\\\/aluminyum-profil\\\/#organization\",\"name\":\"Escal | Al\u00fcminyum Profil, Boru, Do\u011frama Sistemleri ve End\u00fcstriyel \u00c7\u00f6z\u00fcmler\",\"alternateName\":\"ESCAL MOB\u0130LYA AKSESUARLARI SAN. T\u0130C. LTD.\u015eT\u0130.\",\"url\":\"https:\\\/\\\/escal.com.tr\\\/aluminyum-profil\\\/\",\"logo\":{\"@type\":\"ImageObject\",\"inLanguage\":\"tr\",\"@id\":\"https:\\\/\\\/escal.com.tr\\\/aluminyum-profil\\\/#\\\/schema\\\/logo\\\/image\\\/\",\"url\":\"https:\\\/\\\/escal.com.tr\\\/aluminyum-profil\\\/wp-content\\\/uploads\\\/2023\\\/01\\\/logo-retina.jpg\",\"contentUrl\":\"https:\\\/\\\/escal.com.tr\\\/aluminyum-profil\\\/wp-content\\\/uploads\\\/2023\\\/01\\\/logo-retina.jpg\",\"width\":233,\"height\":65,\"caption\":\"Escal | Al\u00fcminyum Profil, Boru, Do\u011frama Sistemleri ve End\u00fcstriyel \u00c7\u00f6z\u00fcmler\"},\"image\":{\"@id\":\"https:\\\/\\\/escal.com.tr\\\/aluminyum-profil\\\/#\\\/schema\\\/logo\\\/image\\\/\"}}]}<\/script>\n<!-- \/ Yoast SEO plugin. -->","yoast_head_json":{"title":"Al\u00fcminyum Omega ve NPU Profil | Oluklu, Panjur ve Pano Profilleri","description":"Al\u00fcminyum omega profil, al\u00fcminyum npu profil, al\u00fcminyum oluklu profil, al\u00fcminyum panjur profili ve al\u00fcminyum pano profilleri hakk\u0131nda bilgi bu rehberde.","robots":{"index":"index","follow":"follow","max-snippet":"max-snippet:-1","max-image-preview":"max-image-preview:large","max-video-preview":"max-video-preview:-1"},"canonical":"https:\/\/escal.com.tr\/aluminyum-profil\/aluminyum-npu-oluklu-omega-panjur-pano-profili\/","og_locale":"tr_TR","og_type":"article","og_title":"Al\u00fcminyum Omega ve NPU Profil | Oluklu, Panjur ve Pano Profilleri","og_description":"Al\u00fcminyum omega profil, al\u00fcminyum npu profil, al\u00fcminyum oluklu profil, al\u00fcminyum panjur profili ve al\u00fcminyum pano profilleri hakk\u0131nda bilgi bu rehberde.","og_url":"https:\/\/escal.com.tr\/aluminyum-profil\/aluminyum-npu-oluklu-omega-panjur-pano-profili\/","og_site_name":"Escal | Al\u00fcminyum Profil, Boru, Do\u011frama Sistemleri ve End\u00fcstriyel \u00c7\u00f6z\u00fcmler","article_modified_time":"2026-03-15T15:29:36+00:00","twitter_card":"summary_large_image","twitter_misc":{"Tahmini okuma s\u00fcresi":"3 dakika"},"schema":{"@context":"https:\/\/schema.org","@graph":[{"@type":"WebPage","@id":"https:\/\/escal.com.tr\/aluminyum-profil\/aluminyum-npu-oluklu-omega-panjur-pano-profili\/","url":"https:\/\/escal.com.tr\/aluminyum-profil\/aluminyum-npu-oluklu-omega-panjur-pano-profili\/","name":"Al\u00fcminyum Omega ve NPU Profil | Oluklu, Panjur ve Pano Profilleri","isPartOf":{"@id":"https:\/\/escal.com.tr\/aluminyum-profil\/#website"},"datePublished":"2026-03-15T15:29:35+00:00","dateModified":"2026-03-15T15:29:36+00:00","description":"Al\u00fcminyum omega profil, al\u00fcminyum npu profil, al\u00fcminyum oluklu profil, al\u00fcminyum panjur profili ve al\u00fcminyum pano profilleri hakk\u0131nda bilgi bu rehberde.","breadcrumb":{"@id":"https:\/\/escal.com.tr\/aluminyum-profil\/aluminyum-npu-oluklu-omega-panjur-pano-profili\/#breadcrumb"},"inLanguage":"tr","potentialAction":[{"@type":"ReadAction","target":["https:\/\/escal.com.tr\/aluminyum-profil\/aluminyum-npu-oluklu-omega-panjur-pano-profili\/"]}]},{"@type":"BreadcrumbList","@id":"https:\/\/escal.com.tr\/aluminyum-profil\/aluminyum-npu-oluklu-omega-panjur-pano-profili\/#breadcrumb","itemListElement":[{"@type":"ListItem","position":1,"name":"Anasayfa","item":"https:\/\/escal.com.tr\/aluminyum-profil\/"},{"@type":"ListItem","position":2,"name":"Al\u00fcminyum npu oluklu omega panjur pano profili"}]},{"@type":"WebSite","@id":"https:\/\/escal.com.tr\/aluminyum-profil\/#website","url":"https:\/\/escal.com.tr\/aluminyum-profil\/","name":"Escal Al\u00fcminyum Profil ve Mobilya Aksesuar\u0131","description":"Escal - Al\u00fcminyum profil, al\u00fcminyum boru, al\u00fcminyum do\u011frama, k\u00f6\u015febent, menfez ve U profil sistemleri. 40x40 profil fiyatlar\u0131 ve teknik \u00e7\u00f6z\u00fcmler.","publisher":{"@id":"https:\/\/escal.com.tr\/aluminyum-profil\/#organization"},"alternateName":"ESCAL MOB\u0130LYA AKSESUARLARI SAN. T\u0130C. LTD.\u015eT\u0130.","potentialAction":[{"@type":"SearchAction","target":{"@type":"EntryPoint","urlTemplate":"https:\/\/escal.com.tr\/aluminyum-profil\/?s={search_term_string}"},"query-input":{"@type":"PropertyValueSpecification","valueRequired":true,"valueName":"search_term_string"}}],"inLanguage":"tr"},{"@type":"Organization","@id":"https:\/\/escal.com.tr\/aluminyum-profil\/#organization","name":"Escal | Al\u00fcminyum Profil, Boru, Do\u011frama Sistemleri ve End\u00fcstriyel \u00c7\u00f6z\u00fcmler","alternateName":"ESCAL MOB\u0130LYA AKSESUARLARI SAN. T\u0130C. LTD.\u015eT\u0130.","url":"https:\/\/escal.com.tr\/aluminyum-profil\/","logo":{"@type":"ImageObject","inLanguage":"tr","@id":"https:\/\/escal.com.tr\/aluminyum-profil\/#\/schema\/logo\/image\/","url":"https:\/\/escal.com.tr\/aluminyum-profil\/wp-content\/uploads\/2023\/01\/logo-retina.jpg","contentUrl":"https:\/\/escal.com.tr\/aluminyum-profil\/wp-content\/uploads\/2023\/01\/logo-retina.jpg","width":233,"height":65,"caption":"Escal | Al\u00fcminyum Profil, Boru, Do\u011frama Sistemleri ve End\u00fcstriyel \u00c7\u00f6z\u00fcmler"},"image":{"@id":"https:\/\/escal.com.tr\/aluminyum-profil\/#\/schema\/logo\/image\/"}}]}},"_links":{"self":[{"href":"https:\/\/escal.com.tr\/aluminyum-profil\/wp-json\/wp\/v2\/pages\/21003","targetHints":{"allow":["GET"]}}],"collection":[{"href":"https:\/\/escal.com.tr\/aluminyum-profil\/wp-json\/wp\/v2\/pages"}],"about":[{"href":"https:\/\/escal.com.tr\/aluminyum-profil\/wp-json\/wp\/v2\/types\/page"}],"author":[{"embeddable":true,"href":"https:\/\/escal.com.tr\/aluminyum-profil\/wp-json\/wp\/v2\/users\/1"}],"replies":[{"embeddable":true,"href":"https:\/\/escal.com.tr\/aluminyum-profil\/wp-json\/wp\/v2\/comments?post=21003"}],"version-history":[{"count":1,"href":"https:\/\/escal.com.tr\/aluminyum-profil\/wp-json\/wp\/v2\/pages\/21003\/revisions"}],"predecessor-version":[{"id":21004,"href":"https:\/\/escal.com.tr\/aluminyum-profil\/wp-json\/wp\/v2\/pages\/21003\/revisions\/21004"}],"wp:attachment":[{"href":"https:\/\/escal.com.tr\/aluminyum-profil\/wp-json\/wp\/v2\/media?parent=21003"}],"curies":[{"name":"wp","href":"https:\/\/api.w.org\/{rel}","templated":true}]}}