{"id":20897,"date":"2026-03-13T18:44:00","date_gmt":"2026-03-13T18:44:00","guid":{"rendered":"https:\/\/escal.com.tr\/aluminyum-profil\/?page_id=20897"},"modified":"2026-03-13T18:44:01","modified_gmt":"2026-03-13T18:44:01","slug":"aluminyum-c-60-c60-agirlik-fiyat-kg-ozellik-profil","status":"publish","type":"page","link":"https:\/\/escal.com.tr\/aluminyum-profil\/aluminyum-c-60-c60-agirlik-fiyat-kg-ozellik-profil\/","title":{"rendered":"Al\u00fcminyum c 60 c60 a\u011f\u0131rl\u0131k fiyat kg \u00f6zellik profil"},"content":{"rendered":"\n<h2 class=\"wp-block-wd-title title wd-77f3f2d2\">C 60 Al\u00fcminyum Profil<\/h2>\n\n\n\n<p class=\"wp-block-wd-paragraph wd-a1d61770\"><strong>C 60 al\u00fcminyum profil<\/strong>, 60 mm kasa derinli\u011fine sahip, a\u011f\u0131rl\u0131kl\u0131 olarak ma\u011faza ve d\u00fckkan gibi ticari alanlarda sabit vitrin do\u011framas\u0131 ve kap\u0131 uygulamalar\u0131nda tercih edilen bir profil sistemidir. Bariyersiz yap\u0131s\u0131yla \u0131l\u0131man b\u00f6lgeler i\u00e7in ideal bir alternatif sunar.<\/p>\n\n\n\n<div class=\"wp-block-wd-divider wd-style-line wd-130cef47\"><\/div>\n\n\n\n<h2 class=\"wp-block-wd-title title wd-0db3edd6\">C 60 Al\u00fcminyum Profil \u00d6zellikleri<\/h2>\n\n\n\n<p class=\"wp-block-wd-paragraph wd-1594473e\"><strong>C 60 al\u00fcminyum profil \u00f6zellikleri<\/strong>\u00a0aras\u0131nda 1,5 mm ile 2,0 mm aras\u0131nda de\u011fi\u015fen et kal\u0131nl\u0131\u011f\u0131 se\u00e7enekleri bulunur. Sistem, 13 mm ile 38,5 mm kal\u0131nl\u0131\u011f\u0131nda camlar\u0131n kullan\u0131m\u0131na olanak tan\u0131r. Cam \u00e7\u0131tas\u0131n\u0131n \u00e7ift tarafl\u0131 uygulanabilmesi, cam de\u011fi\u015fimi gerekti\u011finde kolayl\u0131k sa\u011flar.<\/p>\n\n\n\n<p class=\"wp-block-wd-paragraph wd-ecfc1a58\"><strong>Teknik \u00f6zellikler:<\/strong><\/p>\n\n\n\n<ul class=\"wp-block-list\">\n<li>Sistem kal\u0131nl\u0131\u011f\u0131: 60 mm<\/li>\n\n\n\n<li>G\u00f6r\u00fcn\u00fcr geni\u015flik (sabit): 36 mm<\/li>\n\n\n\n<li>G\u00f6r\u00fcn\u00fcr geni\u015flik (kanat): 72,6 mm<\/li>\n\n\n\n<li>Maksimum kanat a\u011f\u0131rl\u0131\u011f\u0131: 160 kg<\/li>\n<\/ul>\n\n\n\n<div class=\"wp-block-wd-divider wd-style-line wd-a114882b\"><\/div>\n\n\n\n<h2 class=\"wp-block-wd-title title wd-6f0c25ab\">C 60 Al\u00fcminyum Profil A\u011f\u0131rl\u0131klar\u0131<\/h2>\n\n\n\n<p class=\"wp-block-wd-paragraph wd-b749bdcf\"><strong>C 60 al\u00fcminyum profil a\u011f\u0131rl\u0131klar\u0131<\/strong>\u00a0profil tipine ve kesitine g\u00f6re farkl\u0131l\u0131k g\u00f6sterir. Sistemde kullan\u0131lan \u00e7e\u015fitli profillerin birim a\u011f\u0131rl\u0131klar\u0131 \u015fu \u015fekildedir:<\/p>\n\n\n\n<ul class=\"wp-block-list\">\n<li>4189 etek profili: 1,820 kg\/m<\/li>\n\n\n\n<li>4149 takviyeli kasa profili: 2,015 kg\/m<\/li>\n\n\n\n<li>20165 takviyeli kasa profili: 2,737 kg\/m<\/li>\n\n\n\n<li>4186 k\u00f6\u015fe d\u00f6n\u00fc\u015f profili: 1,020 kg\/m<\/li>\n\n\n\n<li>4183 kasa adapt\u00f6r\u00fc: 0,325 kg\/m<\/li>\n\n\n\n<li>4179 cam \u00e7\u0131tas\u0131: 0,210 kg\/m<\/li>\n<\/ul>\n\n\n\n<div class=\"wp-block-wd-divider wd-style-line wd-e6f76213\"><\/div>\n\n\n\n<h2 class=\"wp-block-wd-title title wd-c96cbaac\">C 60 Al\u00fcminyum Profil Fiyatlar\u0131<\/h2>\n\n\n\n<p class=\"wp-block-wd-paragraph wd-e2254a56\"><strong>C 60 al\u00fcminyum profil fiyatlar\u0131<\/strong>\u00a0profil tipine, et kal\u0131nl\u0131\u011f\u0131na ve tedarik miktar\u0131na g\u00f6re de\u011fi\u015fkenlik g\u00f6sterir. Standart profiller daha ekonomik olup, takviyeli profiller y\u00fcksek mukavemet gerektiren uygulamalarda tercih edilir ve fiyatlar\u0131 buna g\u00f6re \u015fekillenir. Toplu al\u0131mlarda birim fiyat avantaj\u0131 sa\u011flan\u0131r.<\/p>\n\n\n\n<div class=\"wp-block-wd-divider wd-style-line wd-71392d1b\"><\/div>\n\n\n\n<h2 class=\"wp-block-wd-title title wd-082ecad2\">C 60 Al\u00fcminyum Profil Kg<\/h2>\n\n\n\n<p class=\"wp-block-wd-paragraph wd-c0be833a\"><strong>C 60 al\u00fcminyum profil kg<\/strong>\u00a0birim fiyat\u0131, profilin metre a\u011f\u0131rl\u0131\u011f\u0131 \u00fczerinden hesaplan\u0131r. Farkl\u0131 profil tiplerinin birim a\u011f\u0131rl\u0131klar\u0131 yukar\u0131da belirtildi\u011fi gibi 0,210 kg\/m ile 2,737 kg\/m aras\u0131nda de\u011fi\u015fmektedir. Toplam a\u011f\u0131rl\u0131k, metre a\u011f\u0131rl\u0131\u011f\u0131 ile profil boyunun \u00e7arp\u0131lmas\u0131yla bulunur.<\/p>\n\n\n\n<div class=\"wp-block-wd-divider wd-style-line wd-8404af78\"><\/div>\n\n\n\n<h2 class=\"wp-block-wd-title title wd-42db6c33\">Al\u00fcminyum C60 Profil<\/h2>\n\n\n\n<p class=\"wp-block-wd-paragraph wd-bf56e4d7\"><strong>Al\u00fcminyum c60 profil<\/strong>, i\u00e7 mekanlarda separat\u00f6r olarak da kullan\u0131labilen \u00e7ok y\u00f6nl\u00fc bir sistemdir. \u0130\u00e7e a\u00e7\u0131l\u0131r pencere, tek kanat veya \u00e7ift kanat olarak i\u00e7eri ve d\u0131\u015far\u0131 a\u00e7\u0131l\u0131r kap\u0131larla birlikte \u00e7arpma kap\u0131 kullan\u0131m\u0131na olanak sa\u011flar.<\/p>\n\n\n\n<div class=\"wp-block-wd-divider wd-style-line wd-0f6cbf30\"><\/div>\n\n\n\n<h2 class=\"wp-block-wd-title title wd-2b572db4\">C60 Profil A\u011f\u0131rl\u0131klar\u0131<\/h2>\n\n\n\n<p class=\"wp-block-wd-paragraph wd-ed2d110b\"><strong>C60 profil a\u011f\u0131rl\u0131klar\u0131<\/strong>\u00a0tablosunda yer alan baz\u0131 profil kodlar\u0131 ve birim a\u011f\u0131rl\u0131klar:<\/p>\n\n\n\n<figure class=\"wp-block-table\"><table class=\"has-fixed-layout\"><thead><tr><th class=\"has-text-align-left\" data-align=\"left\">Profil Kodu<\/th><th class=\"has-text-align-left\" data-align=\"left\">Birim A\u011f\u0131rl\u0131k (kg\/m)<\/th><\/tr><\/thead><tbody><tr><td>3125<\/td><td>1,148<\/td><\/tr><tr><td>3126<\/td><td>1,193<\/td><\/tr><tr><td>3127<\/td><td>1,832<\/td><\/tr><tr><td>3128<\/td><td>1,612<\/td><\/tr><tr><td>3129<\/td><td>1,109<\/td><\/tr><tr><td>3130<\/td><td>0,228<\/td><\/tr><tr><td>3131<\/td><td>0,248<\/td><\/tr><tr><td>3132<\/td><td>0,485<\/td><\/tr><tr><td>3133<\/td><td>0,433<\/td><\/tr><tr><td>3134<\/td><td>0,502<\/td><\/tr><tr><td>3135<\/td><td>0,923<\/td><\/tr><tr><td>3136<\/td><td>0,798<\/td><\/tr><tr><td>3138<\/td><td>0,266<\/td><\/tr><tr><td>3139<\/td><td>2,125<\/td><\/tr><tr><td>3140<\/td><td>2,691<\/td><\/tr><tr><td>3141<\/td><td>6,800<\/td><\/tr><\/tbody><\/table><\/figure>\n\n\n\n<div class=\"wp-block-wd-divider wd-style-line wd-b3378ac3\"><\/div>\n\n\n\n<h2 class=\"wp-block-wd-title title wd-7ac1f220\">C60 Profil Fiyat\u0131<\/h2>\n\n\n\n<p class=\"wp-block-wd-paragraph wd-e2791593\"><strong>C60 profil fiyat\u0131<\/strong>\u00a0profil tipine, et kal\u0131nl\u0131\u011f\u0131na ve al\u0131m miktar\u0131na g\u00f6re de\u011fi\u015fir. Takviyeli profiller (4149, 20165 gibi) y\u00fcksek atalet momentleri sayesinde daha fazla mukavemet gerektiren uygulamalarda tercih edilir ve standart profillere g\u00f6re farkl\u0131 fiyatland\u0131r\u0131l\u0131r.<\/p>\n\n\n\n<div class=\"wp-block-wd-divider wd-style-line wd-4c3a2c9c\"><\/div>\n\n\n\n<h2 class=\"wp-block-wd-title title wd-30b70183\">\u0130leti\u015fim<\/h2>\n\n\n\n<p class=\"wp-block-wd-paragraph wd-300fd18f\"><strong>C 60 al\u00fcminyum profil<\/strong>\u00a0\u00e7e\u015fitleri,\u00a0<strong>c60 profil a\u011f\u0131rl\u0131klar\u0131<\/strong>\u00a0ve\u00a0<strong>c60 profil fiyat\u0131<\/strong>\u00a0hakk\u0131nda daha detayl\u0131 bilgi almak, projeniz i\u00e7in en uygun profil se\u00e7imini yapmak i\u00e7in bizimle ileti\u015fime ge\u00e7ebilirsiniz.<\/p>\n\n\n\n<p class=\"wp-block-wd-paragraph wd-7e39488a\">Uzman ekibimiz, ihtiya\u00e7lar\u0131n\u0131za en uygun C 60 al\u00fcminyum profil \u00e7\u00f6z\u00fcmlerini belirlemenize yard\u0131mc\u0131 olacakt\u0131r.<\/p>\n\n\n\n<p class=\"wp-block-wd-paragraph wd-f50a5381\"><strong>Bize ula\u015f\u0131n, projenizi birlikte de\u011ferlendirelim.<\/strong><\/p>\n","protected":false},"excerpt":{"rendered":"<p>Profil Kodu Birim A\u011f\u0131rl\u0131k (kg\/m) 3125 1,148 3126 1,193 3127 1,832 3128 1,612 3129 1,109 3130 0,228 3131 0,248 3132<\/p>\n","protected":false},"author":1,"featured_media":0,"parent":0,"menu_order":0,"comment_status":"closed","ping_status":"closed","template":"","meta":{"footnotes":""},"class_list":["post-20897","page","type-page","status-publish","hentry"],"yoast_head":"<!-- This site is optimized with the Yoast SEO plugin v27.3 - https:\/\/yoast.com\/product\/yoast-seo-wordpress\/ -->\n<title>C 60 Al\u00fcminyum Profil \u00d6zellikleri ve C60 Profil Fiyat Bilgileri<\/title>\n<meta name=\"description\" content=\"C 60 al\u00fcminyum profil \u00f6zellikleri, a\u011f\u0131rl\u0131klar\u0131, kg fiyatlar\u0131 ve c60 profil teknik detaylar\u0131 hakk\u0131nda bilgi bu rehberde.\" \/>\n<meta name=\"robots\" content=\"index, follow, max-snippet:-1, max-image-preview:large, max-video-preview:-1\" \/>\n<link rel=\"canonical\" href=\"https:\/\/escal.com.tr\/aluminyum-profil\/aluminyum-c-60-c60-agirlik-fiyat-kg-ozellik-profil\/\" \/>\n<meta property=\"og:locale\" content=\"tr_TR\" \/>\n<meta property=\"og:type\" content=\"article\" \/>\n<meta property=\"og:title\" content=\"C 60 Al\u00fcminyum Profil \u00d6zellikleri ve C60 Profil Fiyat Bilgileri\" \/>\n<meta property=\"og:description\" content=\"C 60 al\u00fcminyum profil \u00f6zellikleri, a\u011f\u0131rl\u0131klar\u0131, kg fiyatlar\u0131 ve c60 profil teknik detaylar\u0131 hakk\u0131nda bilgi bu rehberde.\" \/>\n<meta property=\"og:url\" content=\"https:\/\/escal.com.tr\/aluminyum-profil\/aluminyum-c-60-c60-agirlik-fiyat-kg-ozellik-profil\/\" \/>\n<meta property=\"og:site_name\" content=\"Escal | Al\u00fcminyum Profil, Boru, Do\u011frama Sistemleri ve End\u00fcstriyel \u00c7\u00f6z\u00fcmler\" \/>\n<meta property=\"article:modified_time\" content=\"2026-03-13T18:44:01+00:00\" \/>\n<meta name=\"twitter:card\" content=\"summary_large_image\" \/>\n<meta name=\"twitter:label1\" content=\"Tahmini okuma s\u00fcresi\" \/>\n\t<meta name=\"twitter:data1\" content=\"3 dakika\" \/>\n<script type=\"application\/ld+json\" class=\"yoast-schema-graph\">{\"@context\":\"https:\\\/\\\/schema.org\",\"@graph\":[{\"@type\":\"WebPage\",\"@id\":\"https:\\\/\\\/escal.com.tr\\\/aluminyum-profil\\\/aluminyum-c-60-c60-agirlik-fiyat-kg-ozellik-profil\\\/\",\"url\":\"https:\\\/\\\/escal.com.tr\\\/aluminyum-profil\\\/aluminyum-c-60-c60-agirlik-fiyat-kg-ozellik-profil\\\/\",\"name\":\"C 60 Al\u00fcminyum Profil \u00d6zellikleri ve C60 Profil Fiyat Bilgileri\",\"isPartOf\":{\"@id\":\"https:\\\/\\\/escal.com.tr\\\/aluminyum-profil\\\/#website\"},\"datePublished\":\"2026-03-13T18:44:00+00:00\",\"dateModified\":\"2026-03-13T18:44:01+00:00\",\"description\":\"C 60 al\u00fcminyum profil \u00f6zellikleri, a\u011f\u0131rl\u0131klar\u0131, kg fiyatlar\u0131 ve c60 profil teknik detaylar\u0131 hakk\u0131nda bilgi bu rehberde.\",\"breadcrumb\":{\"@id\":\"https:\\\/\\\/escal.com.tr\\\/aluminyum-profil\\\/aluminyum-c-60-c60-agirlik-fiyat-kg-ozellik-profil\\\/#breadcrumb\"},\"inLanguage\":\"tr\",\"potentialAction\":[{\"@type\":\"ReadAction\",\"target\":[\"https:\\\/\\\/escal.com.tr\\\/aluminyum-profil\\\/aluminyum-c-60-c60-agirlik-fiyat-kg-ozellik-profil\\\/\"]}]},{\"@type\":\"BreadcrumbList\",\"@id\":\"https:\\\/\\\/escal.com.tr\\\/aluminyum-profil\\\/aluminyum-c-60-c60-agirlik-fiyat-kg-ozellik-profil\\\/#breadcrumb\",\"itemListElement\":[{\"@type\":\"ListItem\",\"position\":1,\"name\":\"Anasayfa\",\"item\":\"https:\\\/\\\/escal.com.tr\\\/aluminyum-profil\\\/\"},{\"@type\":\"ListItem\",\"position\":2,\"name\":\"Al\u00fcminyum c 60 c60 a\u011f\u0131rl\u0131k fiyat kg \u00f6zellik profil\"}]},{\"@type\":\"WebSite\",\"@id\":\"https:\\\/\\\/escal.com.tr\\\/aluminyum-profil\\\/#website\",\"url\":\"https:\\\/\\\/escal.com.tr\\\/aluminyum-profil\\\/\",\"name\":\"Escal Al\u00fcminyum Profil ve Mobilya Aksesuar\u0131\",\"description\":\"Escal - Al\u00fcminyum profil, al\u00fcminyum boru, al\u00fcminyum do\u011frama, k\u00f6\u015febent, menfez ve U profil sistemleri. 40x40 profil fiyatlar\u0131 ve teknik \u00e7\u00f6z\u00fcmler.\",\"publisher\":{\"@id\":\"https:\\\/\\\/escal.com.tr\\\/aluminyum-profil\\\/#organization\"},\"alternateName\":\"ESCAL MOB\u0130LYA AKSESUARLARI SAN. T\u0130C. LTD.\u015eT\u0130.\",\"potentialAction\":[{\"@type\":\"SearchAction\",\"target\":{\"@type\":\"EntryPoint\",\"urlTemplate\":\"https:\\\/\\\/escal.com.tr\\\/aluminyum-profil\\\/?s={search_term_string}\"},\"query-input\":{\"@type\":\"PropertyValueSpecification\",\"valueRequired\":true,\"valueName\":\"search_term_string\"}}],\"inLanguage\":\"tr\"},{\"@type\":\"Organization\",\"@id\":\"https:\\\/\\\/escal.com.tr\\\/aluminyum-profil\\\/#organization\",\"name\":\"Escal | Al\u00fcminyum Profil, Boru, Do\u011frama Sistemleri ve End\u00fcstriyel \u00c7\u00f6z\u00fcmler\",\"alternateName\":\"ESCAL MOB\u0130LYA AKSESUARLARI SAN. T\u0130C. LTD.\u015eT\u0130.\",\"url\":\"https:\\\/\\\/escal.com.tr\\\/aluminyum-profil\\\/\",\"logo\":{\"@type\":\"ImageObject\",\"inLanguage\":\"tr\",\"@id\":\"https:\\\/\\\/escal.com.tr\\\/aluminyum-profil\\\/#\\\/schema\\\/logo\\\/image\\\/\",\"url\":\"https:\\\/\\\/escal.com.tr\\\/aluminyum-profil\\\/wp-content\\\/uploads\\\/2023\\\/01\\\/logo-retina.jpg\",\"contentUrl\":\"https:\\\/\\\/escal.com.tr\\\/aluminyum-profil\\\/wp-content\\\/uploads\\\/2023\\\/01\\\/logo-retina.jpg\",\"width\":233,\"height\":65,\"caption\":\"Escal | Al\u00fcminyum Profil, Boru, Do\u011frama Sistemleri ve End\u00fcstriyel \u00c7\u00f6z\u00fcmler\"},\"image\":{\"@id\":\"https:\\\/\\\/escal.com.tr\\\/aluminyum-profil\\\/#\\\/schema\\\/logo\\\/image\\\/\"}}]}<\/script>\n<!-- \/ Yoast SEO plugin. -->","yoast_head_json":{"title":"C 60 Al\u00fcminyum Profil \u00d6zellikleri ve C60 Profil Fiyat Bilgileri","description":"C 60 al\u00fcminyum profil \u00f6zellikleri, a\u011f\u0131rl\u0131klar\u0131, kg fiyatlar\u0131 ve c60 profil teknik detaylar\u0131 hakk\u0131nda bilgi bu rehberde.","robots":{"index":"index","follow":"follow","max-snippet":"max-snippet:-1","max-image-preview":"max-image-preview:large","max-video-preview":"max-video-preview:-1"},"canonical":"https:\/\/escal.com.tr\/aluminyum-profil\/aluminyum-c-60-c60-agirlik-fiyat-kg-ozellik-profil\/","og_locale":"tr_TR","og_type":"article","og_title":"C 60 Al\u00fcminyum Profil \u00d6zellikleri ve C60 Profil Fiyat Bilgileri","og_description":"C 60 al\u00fcminyum profil \u00f6zellikleri, a\u011f\u0131rl\u0131klar\u0131, kg fiyatlar\u0131 ve c60 profil teknik detaylar\u0131 hakk\u0131nda bilgi bu rehberde.","og_url":"https:\/\/escal.com.tr\/aluminyum-profil\/aluminyum-c-60-c60-agirlik-fiyat-kg-ozellik-profil\/","og_site_name":"Escal | Al\u00fcminyum Profil, Boru, Do\u011frama Sistemleri ve End\u00fcstriyel \u00c7\u00f6z\u00fcmler","article_modified_time":"2026-03-13T18:44:01+00:00","twitter_card":"summary_large_image","twitter_misc":{"Tahmini okuma s\u00fcresi":"3 dakika"},"schema":{"@context":"https:\/\/schema.org","@graph":[{"@type":"WebPage","@id":"https:\/\/escal.com.tr\/aluminyum-profil\/aluminyum-c-60-c60-agirlik-fiyat-kg-ozellik-profil\/","url":"https:\/\/escal.com.tr\/aluminyum-profil\/aluminyum-c-60-c60-agirlik-fiyat-kg-ozellik-profil\/","name":"C 60 Al\u00fcminyum Profil \u00d6zellikleri ve C60 Profil Fiyat Bilgileri","isPartOf":{"@id":"https:\/\/escal.com.tr\/aluminyum-profil\/#website"},"datePublished":"2026-03-13T18:44:00+00:00","dateModified":"2026-03-13T18:44:01+00:00","description":"C 60 al\u00fcminyum profil \u00f6zellikleri, a\u011f\u0131rl\u0131klar\u0131, kg fiyatlar\u0131 ve c60 profil teknik detaylar\u0131 hakk\u0131nda bilgi bu rehberde.","breadcrumb":{"@id":"https:\/\/escal.com.tr\/aluminyum-profil\/aluminyum-c-60-c60-agirlik-fiyat-kg-ozellik-profil\/#breadcrumb"},"inLanguage":"tr","potentialAction":[{"@type":"ReadAction","target":["https:\/\/escal.com.tr\/aluminyum-profil\/aluminyum-c-60-c60-agirlik-fiyat-kg-ozellik-profil\/"]}]},{"@type":"BreadcrumbList","@id":"https:\/\/escal.com.tr\/aluminyum-profil\/aluminyum-c-60-c60-agirlik-fiyat-kg-ozellik-profil\/#breadcrumb","itemListElement":[{"@type":"ListItem","position":1,"name":"Anasayfa","item":"https:\/\/escal.com.tr\/aluminyum-profil\/"},{"@type":"ListItem","position":2,"name":"Al\u00fcminyum c 60 c60 a\u011f\u0131rl\u0131k fiyat kg \u00f6zellik profil"}]},{"@type":"WebSite","@id":"https:\/\/escal.com.tr\/aluminyum-profil\/#website","url":"https:\/\/escal.com.tr\/aluminyum-profil\/","name":"Escal Al\u00fcminyum Profil ve Mobilya Aksesuar\u0131","description":"Escal - Al\u00fcminyum profil, al\u00fcminyum boru, al\u00fcminyum do\u011frama, k\u00f6\u015febent, menfez ve U profil sistemleri. 40x40 profil fiyatlar\u0131 ve teknik \u00e7\u00f6z\u00fcmler.","publisher":{"@id":"https:\/\/escal.com.tr\/aluminyum-profil\/#organization"},"alternateName":"ESCAL MOB\u0130LYA AKSESUARLARI SAN. T\u0130C. LTD.\u015eT\u0130.","potentialAction":[{"@type":"SearchAction","target":{"@type":"EntryPoint","urlTemplate":"https:\/\/escal.com.tr\/aluminyum-profil\/?s={search_term_string}"},"query-input":{"@type":"PropertyValueSpecification","valueRequired":true,"valueName":"search_term_string"}}],"inLanguage":"tr"},{"@type":"Organization","@id":"https:\/\/escal.com.tr\/aluminyum-profil\/#organization","name":"Escal | Al\u00fcminyum Profil, Boru, Do\u011frama Sistemleri ve End\u00fcstriyel \u00c7\u00f6z\u00fcmler","alternateName":"ESCAL MOB\u0130LYA AKSESUARLARI SAN. T\u0130C. LTD.\u015eT\u0130.","url":"https:\/\/escal.com.tr\/aluminyum-profil\/","logo":{"@type":"ImageObject","inLanguage":"tr","@id":"https:\/\/escal.com.tr\/aluminyum-profil\/#\/schema\/logo\/image\/","url":"https:\/\/escal.com.tr\/aluminyum-profil\/wp-content\/uploads\/2023\/01\/logo-retina.jpg","contentUrl":"https:\/\/escal.com.tr\/aluminyum-profil\/wp-content\/uploads\/2023\/01\/logo-retina.jpg","width":233,"height":65,"caption":"Escal | Al\u00fcminyum Profil, Boru, Do\u011frama Sistemleri ve End\u00fcstriyel \u00c7\u00f6z\u00fcmler"},"image":{"@id":"https:\/\/escal.com.tr\/aluminyum-profil\/#\/schema\/logo\/image\/"}}]}},"_links":{"self":[{"href":"https:\/\/escal.com.tr\/aluminyum-profil\/wp-json\/wp\/v2\/pages\/20897","targetHints":{"allow":["GET"]}}],"collection":[{"href":"https:\/\/escal.com.tr\/aluminyum-profil\/wp-json\/wp\/v2\/pages"}],"about":[{"href":"https:\/\/escal.com.tr\/aluminyum-profil\/wp-json\/wp\/v2\/types\/page"}],"author":[{"embeddable":true,"href":"https:\/\/escal.com.tr\/aluminyum-profil\/wp-json\/wp\/v2\/users\/1"}],"replies":[{"embeddable":true,"href":"https:\/\/escal.com.tr\/aluminyum-profil\/wp-json\/wp\/v2\/comments?post=20897"}],"version-history":[{"count":1,"href":"https:\/\/escal.com.tr\/aluminyum-profil\/wp-json\/wp\/v2\/pages\/20897\/revisions"}],"predecessor-version":[{"id":20898,"href":"https:\/\/escal.com.tr\/aluminyum-profil\/wp-json\/wp\/v2\/pages\/20897\/revisions\/20898"}],"wp:attachment":[{"href":"https:\/\/escal.com.tr\/aluminyum-profil\/wp-json\/wp\/v2\/media?parent=20897"}],"curies":[{"name":"wp","href":"https:\/\/api.w.org\/{rel}","templated":true}]}}